{"id":10321,"date":"2018-05-23T09:53:32","date_gmt":"2018-05-23T12:53:32","guid":{"rendered":"https:\/\/www.kaspersky.com.br\/blog\/?page_id=10321"},"modified":"2025-08-01T08:48:45","modified_gmt":"2025-08-01T11:48:45","slug":"subscribe","status":"publish","type":"page","link":"https:\/\/www.kaspersky.com.br\/blog\/subscribe\/","title":{"rendered":"Inscreva-se em nossa newsletter"},"content":{"rendered":"<p><em>Devido a trabalhos t\u00e9cnicos no site, as assinaturas do blog foram temporariamente\u00a0suspensas.\u00a0Para n\u00e3o perder nenhuma nova postagem, siga nossa p\u00e1gina no <\/em><a href=\"https:\/\/www.facebook.com\/KasperskyLabBrasil\" target=\"_blank\" rel=\"noopener nofollow\"><em>Facebook<\/em><\/a><em> para atualiza\u00e7\u00f5es.<\/em><\/p>\n","protected":false},"excerpt":{"rendered":"<p>Devido a trabalhos t\u00e9cnicos no site, as assinaturas do blog foram temporariamente\u00a0suspensas.\u00a0Para n\u00e3o perder nenhuma nova postagem, siga nossa p\u00e1gina no Facebook para atualiza\u00e7\u00f5es.<\/p>\n","protected":false},"author":2706,"featured_media":0,"parent":0,"menu_order":0,"comment_status":"closed","ping_status":"closed","template":"","meta":{"_acf_changed":false,"footnotes":""},"categories":[],"class_list":["post-10321","page","type-page","status-publish"],"hreflang":[{"hreflang":"pt-br","url":"https:\/\/www.kaspersky.com.br\/blog\/subscribe\/"},{"hreflang":"en-in","url":"https:\/\/www.kaspersky.co.in\/blog\/subscribe\/"},{"hreflang":"en-ae","url":"https:\/\/me-en.kaspersky.com\/blog\/subscribe\/"},{"hreflang":"ar","url":"https:\/\/me.kaspersky.com\/blog\/subscribe\/"},{"hreflang":"en-us","url":"https:\/\/usa.kaspersky.com\/blog\/subscribe\/"},{"hreflang":"en-gb","url":"https:\/\/www.kaspersky.co.uk\/blog\/subscribe\/"},{"hreflang":"es-mx","url":"https:\/\/latam.kaspersky.com\/blog\/subscribe\/"},{"hreflang":"es","url":"https:\/\/www.kaspersky.es\/blog\/subscribe\/"},{"hreflang":"it","url":"https:\/\/www.kaspersky.it\/blog\/subscribe\/"},{"hreflang":"ru","url":"https:\/\/www.kaspersky.ru\/blog\/subscribe\/"},{"hreflang":"tr","url":"https:\/\/www.kaspersky.com.tr\/blog\/subscribe\/"},{"hreflang":"x-default","url":"https:\/\/www.kaspersky.com\/blog\/subscribe\/"},{"hreflang":"fr","url":"https:\/\/www.kaspersky.fr\/blog\/subscribe\/"},{"hreflang":"pl","url":"https:\/\/plblog.kaspersky.com\/subscribe\/"},{"hreflang":"de","url":"https:\/\/www.kaspersky.de\/blog\/subscribe\/"},{"hreflang":"zh","url":"https:\/\/www.kaspersky.com.cn\/blog\/subscribe\/"},{"hreflang":"ja","url":"https:\/\/blog.kaspersky.co.jp\/subscribe\/"},{"hreflang":"nl","url":"https:\/\/www.kaspersky.nl\/blog\/subscribe\/"},{"hreflang":"ru-kz","url":"https:\/\/blog.kaspersky.kz\/subscribe\/"},{"hreflang":"en-au","url":"https:\/\/www.kaspersky.com.au\/blog\/subscribe\/"},{"hreflang":"en-za","url":"https:\/\/www.kaspersky.co.za\/blog\/subscribe\/"}],"acf":[],"banners":"","is_landing":false,"_links":{"self":[{"href":"https:\/\/www.kaspersky.com.br\/blog\/wp-json\/wp\/v2\/pages\/10321","targetHints":{"allow":["GET"]}}],"collection":[{"href":"https:\/\/www.kaspersky.com.br\/blog\/wp-json\/wp\/v2\/pages"}],"about":[{"href":"https:\/\/www.kaspersky.com.br\/blog\/wp-json\/wp\/v2\/types\/page"}],"author":[{"embeddable":true,"href":"https:\/\/www.kaspersky.com.br\/blog\/wp-json\/wp\/v2\/users\/2706"}],"replies":[{"embeddable":true,"href":"https:\/\/www.kaspersky.com.br\/blog\/wp-json\/wp\/v2\/comments?post=10321"}],"version-history":[{"count":5,"href":"https:\/\/www.kaspersky.com.br\/blog\/wp-json\/wp\/v2\/pages\/10321\/revisions"}],"predecessor-version":[{"id":24026,"href":"https:\/\/www.kaspersky.com.br\/blog\/wp-json\/wp\/v2\/pages\/10321\/revisions\/24026"}],"wp:attachment":[{"href":"https:\/\/www.kaspersky.com.br\/blog\/wp-json\/wp\/v2\/media?parent=10321"}],"wp:term":[{"taxonomy":"category","embeddable":true,"href":"https:\/\/www.kaspersky.com.br\/blog\/wp-json\/wp\/v2\/categories?post=10321"}],"curies":[{"name":"wp","href":"https:\/\/api.w.org\/{rel}","templated":true}]}}