{"id":12005,"date":"2019-07-16T12:43:05","date_gmt":"2019-07-16T15:43:05","guid":{"rendered":"https:\/\/www.kaspersky.com.br\/blog\/?page_id=12005"},"modified":"2022-05-05T12:59:33","modified_gmt":"2022-05-05T15:59:33","slug":"can-you-just","status":"publish","type":"page","link":"https:\/\/www.kaspersky.com.br\/blog\/can-you-just\/","title":{"rendered":"Sera que voce pode?"},"content":{"rendered":"<style>#container { margin-top: 0;}#main { background: white; font-family: \"Museosanscyrl\", Helvetica, Arial, sans-serif; font-size: 1.125rem; margin: 0; width: 100% !important;}#main * { box-sizing: border-box; line-height: 150%;}#main p { font-size: 22px;}#main .container { max-width: 1030px; margin: auto;}#main .full-width { padding: 80px; margin: 40px 0; min-height: 600px; display: flex; justify-content: center; flex-direction: column;}#main .lead-row { margin-top: 0; text-align: center; background: linear-gradient(rgba(0, 109, 92, 0.6), rgba(0, 109, 92, 0.6)), url(https:\/\/media.kasperskydaily.com\/wp-content\/uploads\/sites\/92\/2019\/05\/30052522\/can-you-just-featured.jpg); background-position-y: 25%; background-size: cover; color: white; font-size: 1.5em;}#main h1 { margin-bottom: 60px; font-size: 3em;}#main h2 { font-size: 2em;}#main h1,#main h2 { text-align: center;}#main img { max-width: 100%; margin: 3rem 0;}#main .video-block .thumb-wrap { position: relative; padding-bottom: 56.25%; height: 0; overflow: hidden; margin: 3rem 0; width: 100%;}#main .video-block .thumb-wrap iframe { margin: 0; position: absolute; top: 0; left: 0; width: 100%; height: 100%;}#main .how-to-list { color: white; background: url(https:\/\/media.kasperskydaily.com\/wp-content\/uploads\/sites\/92\/2019\/04\/16110459\/B2C-pattern.jpg); background-size: cover;}#main .how-to-list ul { display: grid; grid-gap: 25px; grid-template-columns: repeat(auto-fit, minmax(270px, 1fr)); margin: 0!important; margin-top: 40px!important; list-style: none; padding: 0;}#main .how-to-list ul li { display: block; border: 2px solid white; text-align: center; margin: 0; padding: 0; font-size: 22px;}#main .how-to-list ul li:before { content: none; opacity: 0;}#main .how-to-list ul li a { color: white; text-decoration: none; width: 100%; height: 100%; display: block; padding: 60px 40px; box-sizing: border-box;}#main .how-to-list ul li a:before { content: \"\"; display: block; width: 65px; height: 65px; margin: 20px auto; background: url(https:\/\/media.kasperskydaily.com\/wp-content\/uploads\/sites\/92\/2019\/05\/30064756\/download-pdf-icon1.png); background-size: contain; transition: 300ms; opacity: 0.75;}#main .how-to-list ul li a:hover:before { opacity: 1;}#main .how-to-list ul li:hover { background: rgba(255, 255, 255, 0.15);}#main .subsribe-text { display: flex; align-items: center;}#main .subsribe-text .logo-text { float: left; display: block; text-transform: uppercase; background: #ed2939; font-size: 18px; font-family: \"Museosanscyrl\", Helvetica, Arial, sans-serif; font-weight: 900; padding: 1px 2px 0 1px; margin-right: 10px; color: #fff;}#main .subsribe-text .fa-twitter { color: white; background: #55acee; padding: 5px; margin-right: 10px; width: 28px; height: 28px; font-size: 20px; display: flex; align-items: center;}@media (max-width: 992px) { #main .full-width { min-height: 100vh; padding: 0; } #main .container { padding: 20px; } #main h1 { font-size: 2em; } #main h2 { text-align: left; } #main h3 { font-size: 1em; font-weight: normal; } #main h1, #main h2, #main h3 { margin: 1rem 0 !important; text-align: left; } #main .lead-row { margin-bottom: 0; }} .how-to-button{margin-top:1em;border: 2px solid white; display: inline-block; padding: 10px 70px;max-width:100%;color:white!important;}.how-to-button:hover{text-decoration:none!important;background:#ffffff50}<\/style>\n<div id=\"main1\">\n<div class=\"lead-row full-width\">\n<div class=\"container\">\n<h1>Podes-me ajudar com isto?<\/h1>\n<h3>A tecnologia \u00e9 \u00f3tima, n\u00e3o \u00e9? At\u00e9 falhar\u2026E a\u00ed pode causar mais problemas do que resolver.<\/h3>\n<h3> E atualmente \u00e9 dif\u00edcil evitar essas situa\u00e7\u00f5es.<\/h3>\n<h3><a target=\"_blank\" href=\"#how-to\" class=\"how-to-button\" style=\"color:white!important\" rel=\"noopener noreferrer\">Como<\/a><\/h3>\n<\/div>\n<\/div>\n<div class=\"container\">\n<h2>Podes-me ajudar com isto? <\/h2>\n<p>Quando um dispositivo p\u00e1ra de funcionar, existem dois cen\u00e1rios poss\u00edveis: \u201cvamos ver se consigo resolver\u201d ou \u201co que fa\u00e7o agora?\u201d <a target=\"_blank\" href=\"https:\/\/media.kasperskydaily.com\/wp-content\/uploads\/sites\/92\/2019\/06\/03071833\/Can-you-just-%E2%80%93-Report.pdf\" rel=\"noopener noreferrer\">A nova pesquisa da Kaspersky<\/a> mostra que as gera\u00e7\u00f5es mais velhas est\u00e3o a apoiar-se cada vez mais em amigos e familiares mais jovens para ajudar a resolver os seus problemas t\u00e9cnicos. <\/p>\n<div class=\"video-block\">\n<div class=\"thumb-wrap\"> <iframe width=\"560\" height=\"315\" src=\"https:\/\/www.youtube.com\/embed\/F4IYDoZbpbI?controls=0\" frameborder=\"0\" allow=\"accelerometer; autoplay; encrypted-media; gyroscope; picture-in-picture\" allowfullscreen><\/iframe> <\/div>\n<\/div>\n<p>Queremos mostrar que, independentemente da idade ou capacidade t\u00e9cnica, com os nossos guias QUALQUER UM pode resolver os seus pr\u00f3prios problemas t\u00e9cnicos e tornar-se mais auto-suficiente, para que n\u00e3o precise da ajuda de ningu\u00e9m.<\/p>\n<p> <img decoding=\"async\" class=\"aligncenter size-full wp-image-27100\" src=\"https:\/\/media.kasperskydaily.com\/wp-content\/uploads\/sites\/94\/2019\/08\/06071721\/20190524_Infographic_CanYouJust_PT-08-2.png\" alt=\"\"> <\/p><\/div>\n<div class=\"how-to-list full-width\">\n<div id=\"how-to\" class=\"container\">\n<h2>Como\u2026<\/h2>\n<p>Abaixo est\u00e3o alguns guias pr\u00e1ticos para ajud\u00e1-lo a lidar com alguns dos problemas mais comuns \u2013 todos com uma linguagem simples e direta o suficiente para qualquer um entender! Como:<\/p>\n<ul>\n<li><a target=\"_blank\" href=\"https:\/\/media.kasperskydaily.com\/wp-content\/uploads\/sites\/94\/2019\/07\/16123648\/KAS0452-Kaspersky-How-To-Combat-Viruses-A3-AW_PT_DEF.pdf\" rel=\"noopener noreferrer\">Combater v\u00edrus<\/a><\/li>\n<li><a target=\"_blank\" href=\"https:\/\/media.kasperskydaily.com\/wp-content\/uploads\/sites\/94\/2019\/07\/16123651\/KAS0452-Kaspersky-How-To-Detect-Scams-A3-AW_PT_DEF.pdf\" rel=\"noopener noreferrer\">Detetar spam<\/a><\/li>\n<li><a target=\"_blank\" href=\"https:\/\/media.kasperskydaily.com\/wp-content\/uploads\/sites\/94\/2019\/07\/16123654\/KAS0452-Kaspersky-How-To-Reset-A-Router-A3-AW_PT_DEF.pdf\" rel=\"noopener noreferrer\">Reiniciar o router da Internet<\/a><\/li>\n<li><a target=\"_blank\" href=\"https:\/\/media.kasperskydaily.com\/wp-content\/uploads\/sites\/94\/2019\/07\/16123658\/KAS0452-Kaspersky-How-To-Set-Strong-Passwords-A3-AW_PT_DEF.pdf\" rel=\"noopener noreferrer\">Criar uma palavra-passe segura<\/a><\/li>\n<li><a target=\"_blank\" href=\"https:\/\/media.kasperskydaily.com\/wp-content\/uploads\/sites\/94\/2019\/07\/16123700\/KAS0452-Kaspersky-How-To-Shop-Safely-A3-AW_PT_DEF.pdf\" rel=\"noopener noreferrer\">Fazer compras online seguras<\/a><\/li>\n<li><a target=\"_blank\" href=\"https:\/\/media.kasperskydaily.com\/wp-content\/uploads\/sites\/94\/2019\/07\/16123704\/KAS0452-Kaspersky-How-To-Use-Security-Protection-A3-AW_PT_DEF.pdf\" rel=\"noopener noreferrer\">Utilizar uma prote\u00e7\u00e3o de seguran\u00e7a<\/a><\/li>\n<\/ul><\/div>\n<\/div>\n<div class=\"container\">\n<h2>Trabalho n\u00e3o-remunerado<\/h2>\n<p> Como se sentiria se estivesse constantemente a ser solicitado por amigos e familiares? A educa\u00e7\u00e3o \u00e9 a chave que ajudar\u00e1 a maioria dos membros da fam\u00edlia a tornarem-se menos dependentes \u2013 por isso, se est\u00e1 constantemente a ser chamado, pode come\u00e7ar por enviar esta p\u00e1gina!<\/p>\n<p> <img decoding=\"async\" class=\"aligncenter size-full wp-image-27099\" src=\"https:\/\/media.kasperskydaily.com\/wp-content\/uploads\/sites\/94\/2019\/08\/06071733\/20190524_Infographic_CanYouJust_PT-09-2.png\" alt=\"\"> <\/p>\n<p>Para mais informa\u00e7\u00f5es, dicas e truques sobre seguran\u00e7a na Internet, consulte <a target=\"_blank\" href=\"https:\/\/www.kaspersky.com.br\/blog\/category\/tips\/\" rel=\"noopener noreferrer\">o Blog da Kaspersky<\/a> ou <a target=\"_blank\" href=\"https:\/\/twitter.com\/kasperskypt\" rel=\"noopener noreferrer nofollow\">siga-nos no Twitter<\/a><\/p>\n<\/div>\n<\/div>\n","protected":false},"excerpt":{"rendered":"<p>A nova pesquisa da Kaspersky mostra que as gera\u00e7\u00f5es mais velhas est\u00e3o a apoiar-se cada vez mais em amigos e familiares mais jovens para ajudar a resolver os seus problemas t\u00e9cnicos.<\/p>\n","protected":false},"author":2706,"featured_media":12023,"parent":0,"menu_order":0,"comment_status":"closed","ping_status":"closed","template":"","meta":{"_acf_changed":false,"footnotes":""},"categories":[],"class_list":["post-12005","page","type-page","status-publish","has-post-thumbnail"],"hreflang":[{"hreflang":"pt-br","url":"https:\/\/www.kaspersky.com.br\/blog\/can-you-just\/"},{"hreflang":"es","url":"https:\/\/www.kaspersky.es\/blog\/can-you-just\/"},{"hreflang":"it","url":"https:\/\/www.kaspersky.it\/blog\/can-you-just\/"},{"hreflang":"x-default","url":"https:\/\/www.kaspersky.com\/blog\/can-you-just\/"},{"hreflang":"fr","url":"https:\/\/www.kaspersky.fr\/blog\/can-you-just\/"},{"hreflang":"de","url":"https:\/\/www.kaspersky.de\/blog\/can-you-just\/"},{"hreflang":"nl","url":"https:\/\/www.kaspersky.nl\/blog\/can-you-just\/"}],"acf":[],"banners":"","is_landing":true,"_links":{"self":[{"href":"https:\/\/www.kaspersky.com.br\/blog\/wp-json\/wp\/v2\/pages\/12005","targetHints":{"allow":["GET"]}}],"collection":[{"href":"https:\/\/www.kaspersky.com.br\/blog\/wp-json\/wp\/v2\/pages"}],"about":[{"href":"https:\/\/www.kaspersky.com.br\/blog\/wp-json\/wp\/v2\/types\/page"}],"author":[{"embeddable":true,"href":"https:\/\/www.kaspersky.com.br\/blog\/wp-json\/wp\/v2\/users\/2706"}],"replies":[{"embeddable":true,"href":"https:\/\/www.kaspersky.com.br\/blog\/wp-json\/wp\/v2\/comments?post=12005"}],"version-history":[{"count":13,"href":"https:\/\/www.kaspersky.com.br\/blog\/wp-json\/wp\/v2\/pages\/12005\/revisions"}],"predecessor-version":[{"id":15078,"href":"https:\/\/www.kaspersky.com.br\/blog\/wp-json\/wp\/v2\/pages\/12005\/revisions\/15078"}],"wp:featuredmedia":[{"embeddable":true,"href":"https:\/\/www.kaspersky.com.br\/blog\/wp-json\/wp\/v2\/media\/12023"}],"wp:attachment":[{"href":"https:\/\/www.kaspersky.com.br\/blog\/wp-json\/wp\/v2\/media?parent=12005"}],"wp:term":[{"taxonomy":"category","embeddable":true,"href":"https:\/\/www.kaspersky.com.br\/blog\/wp-json\/wp\/v2\/categories?post=12005"}],"curies":[{"name":"wp","href":"https:\/\/api.w.org\/{rel}","templated":true}]}}