{"id":18527,"date":"2021-11-18T08:42:08","date_gmt":"2021-11-18T11:42:08","guid":{"rendered":"https:\/\/www.kaspersky.com.br\/blog\/?page_id=18527"},"modified":"2022-05-05T12:59:31","modified_gmt":"2022-05-05T15:59:31","slug":"autonomo","status":"publish","type":"page","link":"https:\/\/www.kaspersky.com.br\/blog\/explorando-vida-digital\/autonomo\/","title":{"rendered":"<small><sup>Explorando nossa vida digital<\/sup><\/small><br>A falta de bons h\u00e1bitos digitais pode inviabilizar um novo neg\u00f3cio, alerta Kaspersky"},"content":{"rendered":"<style>.c-wysiwyg blockquote{background: rgb(219 229 229 \/ 50%);}.c-wysiwyg blockquote p{font-style:normal} .img-big { width: 100vw!important; max-width: 66.875rem!important; left: 50%!important; position: relative; transform: translateX(-50%); }.accent{color: #00a88e; margin: 0;font-size:1.5rem;font-weight: 900;}.c-wysiwyg .accented-list li:before {top:1.15rem}.c-wysiwyg .accented-list li{margin-bottom:1.25rem}.c-wysiwyg hr+*{margin-top:2.5rem}.c-wysiwyg hr{border-bottom: 2px solid #00a88e; width: 120px;margin: 1rem 0 -1.25rem 0;}blockquote h5 { color: #00a88e; font-style: initial; } span.accented-quote { display: block; font-size: 60px; font-family: sans-serif; line-height: 20px; margin-top: 30px; margin-left: -3px; }@media(min-width: 40.6875rem){.accent{font-size:2rem}.c-wysiwyg .accented-list li:before {top:1.75rem}.c-wysiwyg hr{border-bottom: 2px solid #00a88e; width: 160px;}}.c-wysiwyg ol>li:before{left: -1.85rem; top: -0.25em; font-size: 2.875rem;}.c-wysiwyg ol>li{padding-left: 1rem;} .c-article__image-container+p { margin-top: 1.25em;}.article-submenu ul { display: grid; grid-template-columns: repeat(5,1fr); margin: 0; border-top: 1px solid rgba(0,0,0,.1); box-shadow: inset 0 -1px 0px 0px rgba(0,0,0,.1); } .article-submenu ul li:before { content: none; } .article-submenu li { text-align: center; margin: 8px 0; } .article-submenu li a { text-align: center; padding: 10px; margin: 0; background: none!important; font-size: 14px; font-weight: 300; color: #333; border-bottom: 3px solid transparent; } .article-submenu li.inactive a { pointer-events:none;color: #cacaca } .article-submenu li.current a { pointer-events:none;cursor:initial;border-color: #009981; color: #006d5c; } .article-submenu li.inactive a:after { content: \"Soon\"; display: block; position: absolute; top: 0; right: -22px; background: #cacaca; color: white; padding: 0px 3px; border-radius: 4px; border-bottom-left-radius: 0; font-size: 0.7em; box-shadow: 0 2px 4px rgba(0,0,0,.15);} .article-submenu li.active:hover a { color: #006d5c; border-color: #ddd; transition: .1s; } .article-submenu li.current:hover a { color: #006d5c; border-color: #009981; transition: .1s; }<\/style>\n<div class=\"article-submenu\">\n<ul>\n<li class=\"active \"><a href=\"https:\/\/www.kaspersky.com.br\/blog\/explorando-vida-digital\" rel=\"noopener noreferrer\" target=\"_blank\">Introdu\u00e7\u00e3o<\/a><\/li>\n<li class=\"active current\"><a href=\"https:\/\/www.kaspersky.com.br\/blog\/explorando-vida-digital\/autonomo\" rel=\"noopener noreferrer\" target=\"_blank\">Aut\u00f4nomo<\/a><\/li>\n<li class=\"active\"><a href=\"https:\/\/www.kaspersky.com.br\/blog\/explorando-vida-digital\/familia\" rel=\"noopener noreferrer\" target=\"_blank\">Fam\u00edlia<\/a><\/li>\n<li class=\"active \"><a href=\"https:\/\/www.kaspersky.com.br\/blog\/explorando-vida-digital\/celular\" rel=\"noopener noreferrer\" target=\"_blank\">Celular<\/a><\/li>\n<li class=\"active \"><a href=\"https:\/\/www.kaspersky.com.br\/blog\/explorando-vida-digital\/entretenimento\" rel=\"noopener noreferrer\" target=\"_blank\">Entretenimento<\/a><\/li>\n<\/ul>\n<\/div>\n<p>\u00a0<br>\n<img decoding=\"async\" class=\"aligncenter size-full wp-image-23346\" src=\"https:\/\/media.kasperskydaily.com\/wp-content\/uploads\/sites\/87\/2021\/11\/17104024\/explorando-vida-digital-6.png\" alt=\"\" width=\"1600\" height=\"1329\"><\/p>\n<p><!--h2>Mais de 70% dos brasileiros se preocupam em ter suas contas hackeadas ou sofrer perdas financeiras.<\/h2>\n\n\n<hr-->\n<\/p><p><strong>A pandemia eliminou mais de 43 milh\u00f5es de empregos e, at\u00e9 o primeiro trimestre deste ano, apenas 30% destes postos de trabalho foram recuperados na Am\u00e9rica Latina, segundo <a href=\"https:\/\/www.ilo.org\/wcmsp5\/groups\/public\/---americas\/---ro-lima\/documents\/publication\/wcms_819022.pdf\" target=\"_blank\" rel=\"noopener nofollow\">relat\u00f3rio<\/a> da Organiza\u00e7\u00e3o Internacional do Trabalho. Ele informa tamb\u00e9m que 70% dos trabalhos gerados nos \u00faltimos meses s\u00e3o informais. Para muitos destes novos empreendimentos e pessoas aut\u00f4nomas, as vendas online tornaram-se a \u00fanica sa\u00edda para manter uma fonte de renda. Neste contexto, proteger este neg\u00f3cio \u00e9 uma quest\u00e3o de sobreviv\u00eancia e a Kaspersky quer orientar as pessoas a como evitar golpes e fraudes que podem impactar tanto a vida pessoal quanto a profissional.<\/strong><\/p>\n<p>\u00c9 muito comum neste microempreendimentos que a pessoa use suas contas pessoais, como e-mail, Internet Banking e redes sociais como ferramentas comerciais \u2013 contrariando as boas pr\u00e1ticas digitais, pois coloca-se em risco a vida da pessoa e do neg\u00f3cio em risco. Por outro lado, o relat\u00f3rio Kaspersky Consumer IT Security Risks Report 2021 verificou que a maioria dos brasileiros est\u00e3o preocupados em ter suas contas online hackeadas (74%) e temem perdas financeiras resultantes de frades online em contas banc\u00e1rias (73%).<\/p>\n<p>Para os especialistas da empresa internacional de seguran\u00e7a digital, as preocupa\u00e7\u00f5es s\u00e3o v\u00e1lidas, j\u00e1 que o roubo de contas foi a principal fraude do ano passado \u2013 e <a href=\"https:\/\/latam.kaspersky.com\/blog\/el-robo-de-cuentas-bancarias-aumento-un-20-en-2020\/21357\/\" target=\"_blank\" rel=\"noopener\">aumentou 20%<\/a> em 2021. Al\u00e9m disso, mais de um <a href=\"https:\/\/www.brighttalk.com\/webcast\/15591\/474899?utm_campaign=user_webcast_register&amp;utm_medium=calendar&amp;utm_source=brighttalk-transact\" target=\"_blank\" rel=\"noopener nofollow\">ter\u00e7o (37%) dos ataques direcionados (<em>targeted attacks<\/em>) contra institui\u00e7\u00f5es financeiras s\u00e3o criados na Am\u00e9rica Latina<\/a>. E um ponto que poucos prestam aten\u00e7\u00e3o \u00e9 que, para empreendedores, aut\u00f4nomos e profissionais liberais, sua vida profissional e pessoal est\u00e1 centralizada na mesma conta banc\u00e1ria e qualquer problema com ela impactar\u00e1 a pessoa como um todo.<\/p>\n<blockquote><p><em>\u201cGolpes financeiros e o roubo de credenciais de acesso s\u00e3o os ataques mais comuns e causam uma grande dor de cabe\u00e7a para solucion\u00e1-los. Por\u00e9m, quando este tipo de golpe impacta pessoas que t\u00eam sua vida pessoal e profissional misturadas, os efeitos s\u00e3o potencializados\u201d, <\/em>alerta <strong>Fabiano Tricarico, diretor de consumo da Kaspersky para a Am\u00e9rica Latina<\/strong>. <em>\u201cA impossibilidade de acessar o WhatsApp pode inviabilizar o neg\u00f3cio de quem est\u00e1 vendendo produtos feitos em casa \u2013 e o mesmo ocorre quando um influenciador perde seu perfil no YouTube ou Instagram. Podemos comparar isso aos ataques de ransomware que est\u00e3o paralisando grandes corpora\u00e7\u00f5es.\u201d<\/em><\/p><\/blockquote>\n<p>Por\u00e9m, evitar estes golpes \u00e9 simples. Para os servi\u00e7os online, \u00e9 recomendado ativar recursos de seguran\u00e7a como autentica\u00e7\u00e3o em dois fatores \u2013 e de prefer\u00eancia utilizar um aplicativo autenticador no celular (como o Google Authenticator). Como o golpe do WhatsApp mostra, o uso do SMS \u00e9 fraco e n\u00e3o garante alta prote\u00e7\u00e3o. Para o app de mensagem, \u00e9 importante que a senha do segundo fator de verifica\u00e7\u00e3o seja \u00fanica e n\u00e3o \u00f3bvia, como data de anivers\u00e1rio, anivers\u00e1rio dos filhos etc.<\/p>\n<p>J\u00e1 para os golpes que visam o lucro via fraudes financeiras, \u00e9 importante adotar comportamentos de seguran\u00e7a online mais amplos. O primeiro \u00e9 n\u00e3o acreditar em promo\u00e7\u00f5es milagrosas e mensagens com links, pois estes golpes visam roubar dados financeiros (cart\u00e3o de cr\u00e9dito, credencial do internet\/mobile banking ou de lojas online). Em seguida, \u00e9 importante manter os apps e sistemas operacionais atualizados, pois muitos <em>malware <\/em>tentam infectar os dispositivos explorando falhas em programas. Baixar aplica\u00e7\u00f5es apenas em fontes leg\u00edtimas e ler com aten\u00e7\u00e3o as permiss\u00f5es solicitadas tamb\u00e9m evita que v\u00edrus sejam instalados.<\/p>\n<blockquote><p><em>\u201cSabemos que muitas dessas dicas podem parecer simples para quem gosta ou conhece de tecnologia, mas elas tamb\u00e9m n\u00e3o s\u00e3o complexas. Infelizmente, a motiva\u00e7\u00e3o mais comum para aprender \u00e9 quando algu\u00e9m foi hackeado ou perdeu dinheiro ap\u00f3s um ataque \u2013 mas a\u00ed o leite j\u00e1 foi derramado. \u00c9 sempre melhor evitar a dor de cabe\u00e7a, principalmente em um momento socioecon\u00f4mico t\u00e3o delicado. Quem n\u00e3o quer ficar se preocupando com todos os detalhes enquanto navega na internet ou faz neg\u00f3cios nela, \u00e9 imprescind\u00edvel que a pessoa tenha uma <a href=\"https:\/\/www.kaspersky.com.br\/home-security\" target=\"_blank\" rel=\"noopener\">solu\u00e7\u00e3o de seguran\u00e7a<\/a> de qualidade no celular e no computador para se proteger\u201d,<\/em> destaca <strong>Tricarico<\/strong>.<\/p><\/blockquote>\n<p>Para saber mais sobre ciberseguran\u00e7a consulte o <a href=\"https:\/\/latam.kaspersky.com\/blog\/\" target=\"_blank\" rel=\"noopener\">blog<\/a> de Kaspersky.<\/p>\n<p>\u00a0<\/p>\n<div class=\"article-submenu\">\n<ul>\n<li class=\"active \"><a href=\"https:\/\/www.kaspersky.com.br\/blog\/explorando-vida-digital\" rel=\"noopener noreferrer\" target=\"_blank\">Introdu\u00e7\u00e3o<\/a><\/li>\n<li class=\"active current\"><a href=\"https:\/\/www.kaspersky.com.br\/blog\/explorando-vida-digital\/autonomo\" rel=\"noopener noreferrer\" target=\"_blank\">Aut\u00f4nomo<\/a><\/li>\n<li class=\"active\"><a href=\"https:\/\/www.kaspersky.com.br\/blog\/explorando-vida-digital\/familia\" rel=\"noopener noreferrer\" target=\"_blank\">Fam\u00edlia<\/a><\/li>\n<li class=\"active \"><a href=\"https:\/\/www.kaspersky.com.br\/blog\/explorando-vida-digital\/celular\" rel=\"noopener noreferrer\" target=\"_blank\">Celular<\/a><\/li>\n<li class=\"active \"><a href=\"https:\/\/www.kaspersky.com.br\/blog\/explorando-vida-digital\/entretenimento\" rel=\"noopener noreferrer\" target=\"_blank\">Entretenimento<\/a><\/li>\n<\/ul>\n<\/div>\n","protected":false},"excerpt":{"rendered":"<p>Introdu\u00e7\u00e3o Aut\u00f4nomo Fam\u00edlia Celular Entretenimento \u00a0 A pandemia eliminou mais de 43 milh\u00f5es de empregos e, at\u00e9 o primeiro trimestre deste ano, apenas 30% destes postos de trabalho foram recuperados<\/p>\n","protected":false},"author":2706,"featured_media":18498,"parent":18521,"menu_order":0,"comment_status":"closed","ping_status":"closed","template":"","meta":{"_acf_changed":false,"footnotes":""},"categories":[],"class_list":["post-18527","page","type-page","status-publish","has-post-thumbnail"],"hreflang":[{"hreflang":"pt-br","url":"https:\/\/www.kaspersky.com.br\/blog\/explorando-vida-digital\/autonomo\/"}],"acf":[],"banners":"","is_landing":true,"_links":{"self":[{"href":"https:\/\/www.kaspersky.com.br\/blog\/wp-json\/wp\/v2\/pages\/18527","targetHints":{"allow":["GET"]}}],"collection":[{"href":"https:\/\/www.kaspersky.com.br\/blog\/wp-json\/wp\/v2\/pages"}],"about":[{"href":"https:\/\/www.kaspersky.com.br\/blog\/wp-json\/wp\/v2\/types\/page"}],"author":[{"embeddable":true,"href":"https:\/\/www.kaspersky.com.br\/blog\/wp-json\/wp\/v2\/users\/2706"}],"replies":[{"embeddable":true,"href":"https:\/\/www.kaspersky.com.br\/blog\/wp-json\/wp\/v2\/comments?post=18527"}],"version-history":[{"count":5,"href":"https:\/\/www.kaspersky.com.br\/blog\/wp-json\/wp\/v2\/pages\/18527\/revisions"}],"predecessor-version":[{"id":18561,"href":"https:\/\/www.kaspersky.com.br\/blog\/wp-json\/wp\/v2\/pages\/18527\/revisions\/18561"}],"up":[{"embeddable":true,"href":"https:\/\/www.kaspersky.com.br\/blog\/wp-json\/wp\/v2\/pages\/18521"}],"wp:featuredmedia":[{"embeddable":true,"href":"https:\/\/www.kaspersky.com.br\/blog\/wp-json\/wp\/v2\/media\/18498"}],"wp:attachment":[{"href":"https:\/\/www.kaspersky.com.br\/blog\/wp-json\/wp\/v2\/media?parent=18527"}],"wp:term":[{"taxonomy":"category","embeddable":true,"href":"https:\/\/www.kaspersky.com.br\/blog\/wp-json\/wp\/v2\/categories?post=18527"}],"curies":[{"name":"wp","href":"https:\/\/api.w.org\/{rel}","templated":true}]}}