{"id":18531,"date":"2021-11-18T08:48:45","date_gmt":"2021-11-18T11:48:45","guid":{"rendered":"https:\/\/www.kaspersky.com.br\/blog\/?page_id=18531"},"modified":"2022-05-05T12:59:32","modified_gmt":"2022-05-05T15:59:32","slug":"familia","status":"publish","type":"page","link":"https:\/\/www.kaspersky.com.br\/blog\/explorando-vida-digital\/familia\/","title":{"rendered":"<small><sup>Explorando nossa vida digital<\/sup><\/small><br>Hora do &#8220;ciberdetox&#8221;: quase metade dos pais est\u00e3o preocupados com \u00e0 exposi\u00e7\u00e3o prolongada dos filhos na Internet"},"content":{"rendered":"<style>.c-wysiwyg blockquote{background: rgb(219 229 229 \/ 50%);}.c-wysiwyg blockquote p{font-style:normal} .img-big { width: 100vw!important; max-width: 66.875rem!important; left: 50%!important; position: relative; transform: translateX(-50%); }.accent{color: #00a88e; margin: 0;font-size:1.5rem;font-weight: 900;}.c-wysiwyg .accented-list li:before {top:1.15rem}.c-wysiwyg .accented-list li{margin-bottom:1.25rem}.c-wysiwyg hr+*{margin-top:2.5rem}.c-wysiwyg hr{border-bottom: 2px solid #00a88e; width: 120px;margin: 1rem 0 -1.25rem 0;}blockquote h5 { color: #00a88e; font-style: initial; } span.accented-quote { display: block; font-size: 60px; font-family: sans-serif; line-height: 20px; margin-top: 30px; margin-left: -3px; }@media(min-width: 40.6875rem){.accent{font-size:2rem}.c-wysiwyg .accented-list li:before {top:1.75rem}.c-wysiwyg hr{border-bottom: 2px solid #00a88e; width: 160px;}}.c-wysiwyg ol>li:before{left: -1.85rem; top: -0.25em; font-size: 2.875rem;}.c-wysiwyg ol>li{padding-left: 1rem;} .c-article__image-container+p { margin-top: 1.25em;}.article-submenu ul { display: grid; grid-template-columns: repeat(5,1fr); margin: 0; border-top: 1px solid rgba(0,0,0,.1); box-shadow: inset 0 -1px 0px 0px rgba(0,0,0,.1); } .article-submenu ul li:before { content: none; } .article-submenu li { text-align: center; margin: 8px 0; } .article-submenu li a { text-align: center; padding: 10px; margin: 0; background: none!important; font-size: 14px; font-weight: 300; color: #333; border-bottom: 3px solid transparent; } .article-submenu li.inactive a { pointer-events:none;color: #cacaca } .article-submenu li.current a { pointer-events:none;cursor:initial;border-color: #009981; color: #006d5c; } .article-submenu li.inactive a:after { content: \"Soon\"; display: block; position: absolute; top: 0; right: -22px; background: #cacaca; color: white; padding: 0px 3px; border-radius: 4px; border-bottom-left-radius: 0; font-size: 0.7em; box-shadow: 0 2px 4px rgba(0,0,0,.15);} .article-submenu li.active:hover a { color: #006d5c; border-color: #ddd; transition: .1s; } .article-submenu li.current:hover a { color: #006d5c; border-color: #009981; transition: .1s; }<\/style>\n<div class=\"article-submenu\">\n<ul>\n<li class=\"active \"><a href=\"https:\/\/www.kaspersky.com.br\/blog\/explorando-vida-digital\" rel=\"noopener noreferrer\" target=\"_blank\">Introdu\u00e7\u00e3o<\/a><\/li>\n<li class=\"active\"><a href=\"https:\/\/www.kaspersky.com.br\/blog\/explorando-vida-digital\/autonomo\" rel=\"noopener noreferrer\" target=\"_blank\">Aut\u00f4nomo<\/a><\/li>\n<li class=\"active current\"><a href=\"https:\/\/www.kaspersky.com.br\/blog\/explorando-vida-digital\/familia\" rel=\"noopener noreferrer\" target=\"_blank\">Fam\u00edlia<\/a><\/li>\n<li class=\"active \"><a href=\"https:\/\/www.kaspersky.com.br\/blog\/explorando-vida-digital\/celular\" rel=\"noopener noreferrer\" target=\"_blank\">Celular<\/a><\/li>\n<li class=\"active \"><a href=\"https:\/\/www.kaspersky.com.br\/blog\/explorando-vida-digital\/entretenimento\" rel=\"noopener noreferrer\" target=\"_blank\">Entretenimento<\/a><\/li>\n<\/ul>\n<\/div>\n<p>\u00a0<br>\n<img decoding=\"async\" class=\"aligncenter size-full wp-image-23353\" src=\"https:\/\/media.kasperskydaily.com\/wp-content\/uploads\/sites\/87\/2021\/11\/17104129\/explorando-vida-digital-13.png\" alt=\"\" width=\"1600\" height=\"1084\"><br>\n<!--h2>Ap\u00f3s 18 meses de trabalho, escola e entretenimento online, especialistas enfatizam a import\u00e2ncia de reavaliar os h\u00e1bitos virtuais<\/h2>\n\n\n<hr-->\n<\/p><p><strong>A pandemia for\u00e7ou a todos, desde crian\u00e7as at\u00e9 av\u00f3s, a adotarem tecnologias para realizarem as atividades que antes eram feitas presencialmente. Esta mudan\u00e7a afetou n\u00e3o apenas o trabalho e a aprendizagem, mas tamb\u00e9m o entretenimento e como compramos os produtos b\u00e1sicos, sejam relacionados \u00e0 alimenta\u00e7\u00e3o, limpeza ou medicamentos. Esta grande exposi\u00e7\u00e3o online das crian\u00e7as causa incomodo a 43% dos pais brasileiros, de acordo com o relat\u00f3rio \u201c<\/strong><a href=\"https:\/\/www.kaspersky.com\/blog\/digital-comfort-zone-report\/\" target=\"_blank\" rel=\"noopener nofollow\"><strong><em>Mais conectados do que nunca: como estabelecemos nossas zonas de conforto digital<\/em><\/strong><\/a><strong><em>\u201c<\/em>, realizado pela Kaspersky. Neste contexto, os especialistas da empresa querem incentivar a todos a reavaliarem os h\u00e1bitos online e a realizarem uma \u201cdesintoxica\u00e7\u00e3o digital\u201d para reconectar todos os entes queridos, agora que as medidas de confinamento est\u00e3o ficando mais brandas. <\/strong><\/p>\n<p>Sobre os h\u00e1bitos online durante a pandemia, o estudo da Kaspersky mostrou que 77% dos pais brasileiros afirmaram que, nos \u00faltimos 12 meses, seus filhos passaram mais tempo online. Uma minoria \u2013 19% deles \u2013 reconheceu que se apoiaram na tecnologia para manter as crian\u00e7as ocupadas enquanto eles trabalhavam ou lidavam com os afazeres de casa. Embora a situa\u00e7\u00e3o tenha exigido essa \u201csolu\u00e7\u00e3o\u201d, quase metade dos pais tamb\u00e9m est\u00e3o preocupados com a exposi\u00e7\u00e3o prolongada de seus filhos \u00e0 Internet.<\/p>\n<blockquote><p><em>\u201cA internet mostrou que \u00e9 uma \u00f3tima aliada e pode ser muito vers\u00e1til, mas a regra que diz que tudo em exagero faz mal mostrou-se real. Como pai, senti que a falta de intera\u00e7\u00e3o social e atividades fez com que os jovens ficassem mais irritadi\u00e7os e ansiosos, alguns deles inclusive tendo rea\u00e7\u00f5es mais intensas. E acredito que a melhor maneira de gerenciar esta situa\u00e7\u00e3o agora \u00e9 realizar um certo \u2018detox\u2019 \u2013 ou seja, intensificar atividades externas para que sobre pouco tempo para o digital. Claro que me refiro a um processo gradual, pois cidades, estados e pa\u00edses est\u00e3o com regras distintas\u201d,<\/em> afirma <strong>Fabiano Tricarico, diretor de venda para consumo da Kaspersky na Am\u00e9rica Latina<\/strong>.<\/p><\/blockquote>\n<p>Para a desintoxica\u00e7\u00e3o digital, \u00e9 necess\u00e1rio deixar os dispositivos eletr\u00f4nicos de lado por um tempo e realizar atividades, como passeios ao ar livre, exerc\u00edcios f\u00edsicos ou atividades culturais. Al\u00e9m disso, esses momentos <em>offline<\/em> s\u00e3o ideais para reavaliar os h\u00e1bitos digitais da fam\u00edlia, como reestabelecer novos par\u00e2metros para o uso da tecnologia. Aqui, os especialistas destacam que n\u00e3o se referem apenas ao tempo conectado, mas tamb\u00e9m destacam a forma como ela \u00e9 usada: devemos criar senhas \u00fanicas e fortes para manter os servi\u00e7os online protegidos, ofertas e promo\u00e7\u00f5es devem ser checadas antes de informar dados pessoais ou o n\u00famero do cart\u00e3o de cr\u00e9dito em um site desconhecido ou suspeito e programas e conte\u00fados digitais devem ser baixados apenas em sites confi\u00e1veis. E para gerenciar todas as atividades online da fam\u00edlia, avalie o uso de uma solu\u00e7\u00e3o de seguran\u00e7a com fun\u00e7\u00f5es de gerenciamento parental.<\/p>\n<p>Outro tema interessante de avaliar \u00e9 a rela\u00e7\u00e3o dos mais velhos com a internet. Eles foram o grupo mais afetado pela pandemia e a que tem mais dificuldade com a tecnologia. Tanto que o estudo da <a href=\"https:\/\/cdn.press.kaspersky.com\/files\/2017\/11\/4114_B2C_Report_2017_WEB.pdf?_ga=2.19715388.587194899.1517308386-525507166.1447406956\" target=\"_blank\" rel=\"noopener nofollow\">Kaspersky e da B2B International<\/a> mostrou que 44% dos internautas t\u00eam parentes idosos que j\u00e1 foram v\u00edtimas de golpes online \u2013 sendo as fraudes (15%) as mais comuns.<br>\n<img decoding=\"async\" src=\"https:\/\/media.kasperskydaily.com\/wp-content\/uploads\/sites\/87\/2021\/11\/17104148\/explorando-vida-digital-15-798x1024.png\" alt=\"\" width=\"500\" class=\"aligncenter size-large wp-image-23355\"><\/p>\n<blockquote><p><em>\u201cMuitos gadgets ficam sem uso, pois os mais velhos n\u00e3o sabem o que precisa ser feito para ligar e come\u00e7ar a usar um novo celular, tablet ou assistente pessoal. Por isso que muitos netos se tornam a assist\u00eancia t\u00e9cnica predileta deles. Mas quando falamos em seguran\u00e7a digital, os jovens podem n\u00e3o podem ter o conhecimento necess\u00e1rio. Sugiro que avaliem as solu\u00e7\u00f5es de prote\u00e7\u00e3o e avisem quando algo suspeito surge e o uso dos programas de controle parental como cuidadores digitais para poder ter algum acesso \u00e0s atividades a fim de orientar o uso correto da internet\u201d,<\/em> sugere <strong>Tricarico<\/strong>.<\/p><\/blockquote>\n<p>A desintoxica\u00e7\u00e3o digital faz parte da campanha de conscientiza\u00e7\u00e3o \u201cExplorando nossa vida digital\u201d que tem como objetivo para esclarecer a import\u00e2ncia da seguran\u00e7a digital em nossas dia-a-dia. Para ver mais sobre outros aspectos, acesse nosso <a href=\"https:\/\/www.kaspersky.com.br\/blog\/explorando-vida-digital\/\" target=\"_blank\" rel=\"noopener\">blog<\/a>.<br>\n\u00a0<\/p>\n<div class=\"article-submenu\">\n<ul>\n<li class=\"active \"><a href=\"https:\/\/www.kaspersky.com.br\/blog\/explorando-vida-digital\" rel=\"noopener noreferrer\" target=\"_blank\">Introdu\u00e7\u00e3o<\/a><\/li>\n<li class=\"active\"><a href=\"https:\/\/www.kaspersky.com.br\/blog\/explorando-vida-digital\/autonomo\" rel=\"noopener noreferrer\" target=\"_blank\">Aut\u00f4nomo<\/a><\/li>\n<li class=\"active current\"><a href=\"https:\/\/www.kaspersky.com.br\/blog\/explorando-vida-digital\/familia\" rel=\"noopener noreferrer\" target=\"_blank\">Fam\u00edlia<\/a><\/li>\n<li class=\"active \"><a href=\"https:\/\/www.kaspersky.com.br\/blog\/explorando-vida-digital\/celular\" rel=\"noopener noreferrer\" target=\"_blank\">Celular<\/a><\/li>\n<li class=\"active \"><a href=\"https:\/\/www.kaspersky.com.br\/blog\/explorando-vida-digital\/entretenimento\" rel=\"noopener noreferrer\" target=\"_blank\">Entretenimento<\/a><\/li>\n<\/ul>\n<\/div>\n","protected":false},"excerpt":{"rendered":"<p>Introdu\u00e7\u00e3o Aut\u00f4nomo Fam\u00edlia Celular Entretenimento \u00a0 A pandemia for\u00e7ou a todos, desde crian\u00e7as at\u00e9 av\u00f3s, a adotarem tecnologias para realizarem as atividades que antes eram feitas presencialmente. Esta mudan\u00e7a afetou<\/p>\n","protected":false},"author":2706,"featured_media":18490,"parent":18521,"menu_order":0,"comment_status":"closed","ping_status":"closed","template":"","meta":{"_acf_changed":false,"footnotes":""},"categories":[],"class_list":["post-18531","page","type-page","status-publish","has-post-thumbnail"],"hreflang":[{"hreflang":"pt-br","url":"https:\/\/www.kaspersky.com.br\/blog\/explorando-vida-digital\/familia\/"},{"hreflang":"es-mx","url":"https:\/\/latam.kaspersky.com\/blog\/explorando-vida-digital\/familia\/"}],"acf":[],"banners":"","is_landing":true,"_links":{"self":[{"href":"https:\/\/www.kaspersky.com.br\/blog\/wp-json\/wp\/v2\/pages\/18531","targetHints":{"allow":["GET"]}}],"collection":[{"href":"https:\/\/www.kaspersky.com.br\/blog\/wp-json\/wp\/v2\/pages"}],"about":[{"href":"https:\/\/www.kaspersky.com.br\/blog\/wp-json\/wp\/v2\/types\/page"}],"author":[{"embeddable":true,"href":"https:\/\/www.kaspersky.com.br\/blog\/wp-json\/wp\/v2\/users\/2706"}],"replies":[{"embeddable":true,"href":"https:\/\/www.kaspersky.com.br\/blog\/wp-json\/wp\/v2\/comments?post=18531"}],"version-history":[{"count":6,"href":"https:\/\/www.kaspersky.com.br\/blog\/wp-json\/wp\/v2\/pages\/18531\/revisions"}],"predecessor-version":[{"id":18562,"href":"https:\/\/www.kaspersky.com.br\/blog\/wp-json\/wp\/v2\/pages\/18531\/revisions\/18562"}],"up":[{"embeddable":true,"href":"https:\/\/www.kaspersky.com.br\/blog\/wp-json\/wp\/v2\/pages\/18521"}],"wp:featuredmedia":[{"embeddable":true,"href":"https:\/\/www.kaspersky.com.br\/blog\/wp-json\/wp\/v2\/media\/18490"}],"wp:attachment":[{"href":"https:\/\/www.kaspersky.com.br\/blog\/wp-json\/wp\/v2\/media?parent=18531"}],"wp:term":[{"taxonomy":"category","embeddable":true,"href":"https:\/\/www.kaspersky.com.br\/blog\/wp-json\/wp\/v2\/categories?post=18531"}],"curies":[{"name":"wp","href":"https:\/\/api.w.org\/{rel}","templated":true}]}}