{"id":18535,"date":"2021-11-18T08:55:11","date_gmt":"2021-11-18T11:55:11","guid":{"rendered":"https:\/\/www.kaspersky.com.br\/blog\/?page_id=18535"},"modified":"2022-05-05T12:59:31","modified_gmt":"2022-05-05T15:59:31","slug":"celular","status":"publish","type":"page","link":"https:\/\/www.kaspersky.com.br\/blog\/explorando-vida-digital\/celular\/","title":{"rendered":"<small><sup>Explorando nossa vida digital<\/sup><\/small><br> Desconhecimento \u00e9 o maior desafio para a seguran\u00e7a no celular, alerta Kaspersky"},"content":{"rendered":"<style>.c-wysiwyg blockquote{background: rgb(219 229 229 \/ 50%);}.c-wysiwyg blockquote p{font-style:normal} .img-big { width: 100vw!important; max-width: 66.875rem!important; left: 50%!important; position: relative; transform: translateX(-50%); }.accent{color: #00a88e; margin: 0;font-size:1.5rem;font-weight: 900;}.c-wysiwyg .accented-list li:before {top:1.15rem}.c-wysiwyg .accented-list li{margin-bottom:1.25rem}.c-wysiwyg hr+*{margin-top:2.5rem}.c-wysiwyg hr{border-bottom: 2px solid #00a88e; width: 120px;margin: 1rem 0 -1.25rem 0;}blockquote h5 { color: #00a88e; font-style: initial; } span.accented-quote { display: block; font-size: 60px; font-family: sans-serif; line-height: 20px; margin-top: 30px; margin-left: -3px; }@media(min-width: 40.6875rem){.accent{font-size:2rem}.c-wysiwyg .accented-list li:before {top:1.75rem}.c-wysiwyg hr{border-bottom: 2px solid #00a88e; width: 160px;}}.c-wysiwyg ol>li:before{left: -1.85rem; top: -0.25em; font-size: 2.875rem;}.c-wysiwyg ol>li{padding-left: 1rem;} .c-article__image-container+p { margin-top: 1.25em;}.article-submenu ul { display: grid; grid-template-columns: repeat(5,1fr); margin: 0; border-top: 1px solid rgba(0,0,0,.1); box-shadow: inset 0 -1px 0px 0px rgba(0,0,0,.1); } .article-submenu ul li:before { content: none; } .article-submenu li { text-align: center; margin: 8px 0; } .article-submenu li a { text-align: center; padding: 10px; margin: 0; background: none!important; font-size: 14px; font-weight: 300; color: #333; border-bottom: 3px solid transparent; } .article-submenu li.inactive a { pointer-events:none;color: #cacaca } .article-submenu li.current a { pointer-events:none;cursor:initial;border-color: #009981; color: #006d5c; } .article-submenu li.inactive a:after { content: \"Soon\"; display: block; position: absolute; top: 0; right: -22px; background: #cacaca; color: white; padding: 0px 3px; border-radius: 4px; border-bottom-left-radius: 0; font-size: 0.7em; box-shadow: 0 2px 4px rgba(0,0,0,.15);} .article-submenu li.active:hover a { color: #006d5c; border-color: #ddd; transition: .1s; } .article-submenu li.current:hover a { color: #006d5c; border-color: #009981; transition: .1s; }<\/style>\n<div class=\"article-submenu\">\n<ul>\n<li class=\"active \"><a href=\"https:\/\/www.kaspersky.com.br\/blog\/explorando-vida-digital\" rel=\"noopener noreferrer\" target=\"_blank\">Introdu\u00e7\u00e3o<\/a><\/li>\n<li class=\"active\"><a href=\"https:\/\/www.kaspersky.com.br\/blog\/explorando-vida-digital\/autonomo\" rel=\"noopener noreferrer\" target=\"_blank\">Aut\u00f4nomo<\/a><\/li>\n<li class=\"active\"><a href=\"https:\/\/www.kaspersky.com.br\/blog\/explorando-vida-digital\/familia\" rel=\"noopener noreferrer\" target=\"_blank\">Fam\u00edlia<\/a><\/li>\n<li class=\"active current\"><a href=\"https:\/\/www.kaspersky.com.br\/blog\/explorando-vida-digital\/celular\" rel=\"noopener noreferrer\" target=\"_blank\">Celular<\/a><\/li>\n<li class=\"active \"><a href=\"https:\/\/www.kaspersky.com.br\/blog\/explorando-vida-digital\/entretenimento\" rel=\"noopener noreferrer\" target=\"_blank\">Entretenimento<\/a><\/li>\n<\/ul>\n<\/div>\n<p>\u00a0<br>\n<img decoding=\"async\" class=\"aligncenter size-full wp-image-23349\" src=\"https:\/\/media.kasperskydaily.com\/wp-content\/uploads\/sites\/87\/2021\/11\/17104052\/explorando-vida-digital-9.png\" alt=\"\" width=\"1600\" height=\"1167\"><br>\n<!--h2>Brasileiros conhecem os famosos v\u00edrus, mas outras formas de golpe online n\u00e3o s\u00e3o conhecidas pelos internautas.<\/h2>\n\n\n\n<hr-->\n<\/p><p><strong>\u201cN\u00e3o h\u00e1 nada no meu celular que tenha valor para um cibercriminoso.\u201d Este pensamento \u00e9 mais comum do que os especialistas da Kaspersky imaginavam e gerou muita preocupa\u00e7\u00e3o. Para refutar esse comportamento de risco, os profissionais da empresa analisaram e listaram momentos rotineiros que podem expor as pessoas aos ciberataques. A iniciativa faz parte da campanha de conscientiza\u00e7\u00e3o da Kaspersky para esclarecer a import\u00e2ncia da seguran\u00e7a digital em nossas vidas. <\/strong><\/p>\n<p>Uma pesquisa da empresa mostra que, ao serem questionados sobre os significados dos termos \u201c<em>malware\u201d<\/em>, \u201c<em>phishing\u201d<\/em> e \u201c<em>ransomware\u201d,<\/em> 74% dos latino-americanos afirmaram conhecer sobre os v\u00edrus, mas 56% e 77%, respectivamente, n\u00e3o sabem o que s\u00e3o as mensagens maliciosas e o programa que boqueia todos os dados e pede um resgate para as v\u00edtimas. Para os especialistas da Kaspersky, desconhecer o perigo deixa as pessoas mais expostas \u00e0s amea\u00e7as. Al\u00e9m disso, questionados sobre qual destes golpes \u00e9 o mais perigoso, cerca de 35% dos entrevistados n\u00e3o soube opinar.<\/p>\n<blockquote><p><em>\u201cPor que as pessoas n\u00e3o checam um link enviado por e-mail, SMS ou WhatsApp antes de abri-lo? As mensagens fraudulentas s\u00e3o um dos golpes online mais populares na Am\u00e9rica Latina e esse devia ser um comportamento b\u00e1sico, assim como olhar para os dois lados da rua antes de atravess\u00e1-la. Se os internautas tivessem mais conhecimento acerca da seguran\u00e7a digital, muitos golpes que exploram a desaten\u00e7\u00e3o das pessoas n\u00e3o existiriam, pois n\u00e3o seriam rent\u00e1veis\u201d,<\/em> afirma <strong>Fabiano Tricarico, diretor de consumo da Kaspersky para a Am\u00e9rica Latina<\/strong>.<\/p><\/blockquote>\n<p>O maior exemplo \u00e9 o \u201c<a href=\"https:\/\/www.kaspersky.com.br\/blog\/hackers-golpe-whatsapp\/13855\/\" target=\"_blank\" rel=\"noopener\">golpe do WhatsApp<\/a>\u201c, em que a v\u00edtima perde o acesso \u00e0 sua conta e seus contatos (amigos pr\u00f3ximos e familiares) passam a receber mensagens falsas pedindo dinheiro emprestado. O esquema fraudulento \u00e9 t\u00e3o rent\u00e1vel que, mesmo com a populariza\u00e7\u00e3o das contas protegidas pela dupla autentica\u00e7\u00e3o, esses criminosos criaram uma forma de manter o golpe, <a href=\"https:\/\/www.kaspersky.com.br\/blog\/roubo-whatsapp-criminosos-dupla-autenticacao\/17582\/\" target=\"_blank\" rel=\"noopener\">desativando a prote\u00e7\u00e3o adicional<\/a>.<\/p>\n<blockquote><p><em>\u201cPara roubar a conta do app, os criminosos j\u00e1 usaram muitas desculpas: <a href=\"https:\/\/www.kaspersky.com.br\/blog\/hackers-golpe-whatsapp\/13855\/\" target=\"_blank\" rel=\"noopener\">convite VIP para festas<\/a>, <a href=\"https:\/\/www.kaspersky.com.br\/blog\/golpe-rouba-whatsapp-olx-webmotors\/11852\/\" target=\"_blank\" rel=\"noopener\">an\u00fancios online feitos pela v\u00edtima<\/a> e at\u00e9 <a href=\"https:\/\/www.kaspersky.com.br\/blog\/roubo-whatsapp-criminosos-dupla-autenticacao\/17582\/\" target=\"_blank\" rel=\"noopener\">pesquisas sobre o covid-19<\/a> \u2013 e j\u00e1 se foram dois anos desde que esta fraude surgiu. Isto mostra o quanto ela \u00e9 rend\u00e1vel para o atacante. E evit\u00e1-lo \u00e9 simples, basta prestar aten\u00e7\u00e3o \u00e0 mensagem SMS com o c\u00f3digo de ativa\u00e7\u00e3o ou ao e-mail de solicita\u00e7\u00e3o de desativa\u00e7\u00e3o da dupla autentica\u00e7\u00e3o para perceber o golpe\u201d,<\/em> <strong>explica o diretor.<\/strong><\/p><\/blockquote>\n<p>Al\u00e9m da l\u00e1bia, o disfarce \u00e9 outra t\u00e1tica muito comum para obter sucesso nos golpes online. Aqui, as op\u00e7\u00f5es de temas s\u00e3o infinitas: tem SMS falso se passando por banco popular, promo\u00e7\u00f5es que parecem imperd\u00edveis, <a href=\"https:\/\/www.kaspersky.com.br\/blog\/dicas-protecao-fraudes-beneficios-sociais\/15793\/\" target=\"_blank\" rel=\"noopener\">benef\u00edcios sociais<\/a> criados para mitigar os impactos da pandemia entre outros assuntos populares como <a href=\"https:\/\/www.kaspersky.com.br\/blog\/cilada-round-6-torna-se-atrativo-para-cibercriminosos-e-espalha-ameacas\/18419\/\" target=\"_blank\" rel=\"noopener\">s\u00e9ries<\/a> e <a href=\"https:\/\/www.kaspersky.com.br\/blog\/golpes-filme-viuva-negra-dicas\/17740\/\" target=\"_blank\" rel=\"noopener\">filmes<\/a>.<\/p>\n<blockquote><p><em>\u201cOs golpes usam o interesse ou a falta de informa\u00e7\u00e3o da v\u00edtima contra ela, por isso os trending topics sempre s\u00e3o usados para disfar\u00e7ar a fraude. A vontade de n\u00e3o pagar por um produto, servi\u00e7o ou conte\u00fado online \u00e9 tanta que at\u00e9 41% dos brasileiros admitem ter desativado uma ou mais vezes a solu\u00e7\u00e3o de seguran\u00e7a do celular para pode continuar baixando um app. \u00c9 comum ignorar um salva-vidas quando ele diz \u2018n\u00e3o entre no mar, pois ele est\u00e1 perigoso hoje?\u2019 Por que fazemos isso quando estamos no ambiente digital?\u201d,<\/em> <strong>questiona Tricarico.<\/strong><\/p><\/blockquote>\n<p>Para manter a prote\u00e7\u00e3o no celular, a Kaspersky recomenda o seguinte:<\/p>\n<ol>\n<li>\n<h4>N\u00e3o deixe que os seus dados sejam \u201cpescados\u201d<\/h4>\n<p><a href=\"https:\/\/www.kaspersky.com.br\/blog\/brasil-atacado-malware-financeiro-2019-pesquisa\/14894\/\" target=\"_blank\" rel=\"noopener\">Mais da metade dos ataques de <em>phishing<\/em><\/a> tem como objetivo roubar credenciais de contas banc\u00e1rias. Caso uma mensagem ou p\u00e1gina web solicite sua senha, feche-a e entre em contato com seu gerente.<\/p><\/li>\n<\/ol>\n<ol start=\"2\">\n<li>\n<h4>Evite o roubo do WhatsApp<\/h4>\n<p>O aplicativo de mensagens \u00e9 muito mais do que uma ferramenta para conversa. Nele, armazenamos informa\u00e7\u00f5es pessoais, como o contato de familiares e amigos. Preste aten\u00e7\u00e3o sempre que um SMS \u00e9 enviado e sempre ative a op\u00e7\u00e3o de dupla autentica\u00e7\u00e3o dos servi\u00e7os online. Al\u00e9m do WhatsApp, existe esta op\u00e7\u00e3o em todas as redes sociais.<\/p><\/li>\n<\/ol>\n<ol start=\"3\">\n<li>\n<h4>Desconfie sempre que algo parecer muito vantajoso <\/h4>\n<p>Os cibercriminosos est\u00e3o contando que o interesse da v\u00edtima seja incontrol\u00e1vel para obterem sucesso. Se um filme, jogo ou produto ainda n\u00e3o foi lan\u00e7ado, \u00e9 quase imposs\u00edvel que ele esteja dispon\u00edvel em um site estranho. Para ajudar a evitar os golpes, tenha <a href=\"https:\/\/www.kaspersky.com.br\/total-security\" target=\"_blank\" rel=\"noopener\">uma solu\u00e7\u00e3o de seguran\u00e7a no celular<\/a> e confie quando ela alertar que algo est\u00e1 errado.<\/p><\/li>\n<\/ol>\n<p>\u00a0<\/p>\n<div class=\"article-submenu\">\n<ul>\n<li class=\"active \"><a href=\"https:\/\/www.kaspersky.com.br\/blog\/explorando-vida-digital\" rel=\"noopener noreferrer\" target=\"_blank\">Introdu\u00e7\u00e3o<\/a><\/li>\n<li class=\"active\"><a href=\"https:\/\/www.kaspersky.com.br\/blog\/explorando-vida-digital\/autonomo\" rel=\"noopener noreferrer\" target=\"_blank\">Aut\u00f4nomo<\/a><\/li>\n<li class=\"active\"><a href=\"https:\/\/www.kaspersky.com.br\/blog\/explorando-vida-digital\/familia\" rel=\"noopener noreferrer\" target=\"_blank\">Fam\u00edlia<\/a><\/li>\n<li class=\"active current\"><a href=\"https:\/\/www.kaspersky.com.br\/blog\/explorando-vida-digital\/celular\" rel=\"noopener noreferrer\" target=\"_blank\">Celular<\/a><\/li>\n<li class=\"active \"><a href=\"https:\/\/www.kaspersky.com.br\/blog\/explorando-vida-digital\/entretenimento\" rel=\"noopener noreferrer\" target=\"_blank\">Entretenimento<\/a><\/li>\n<\/ul>\n<\/div>\n","protected":false},"excerpt":{"rendered":"<p>Introdu\u00e7\u00e3o Aut\u00f4nomo Fam\u00edlia Celular Entretenimento \u00a0 \u201cN\u00e3o h\u00e1 nada no meu celular que tenha valor para um cibercriminoso.\u201d Este pensamento \u00e9 mais comum do que os especialistas da Kaspersky imaginavam<\/p>\n","protected":false},"author":2706,"featured_media":18488,"parent":18521,"menu_order":0,"comment_status":"closed","ping_status":"closed","template":"","meta":{"_acf_changed":false,"footnotes":""},"categories":[],"class_list":["post-18535","page","type-page","status-publish","has-post-thumbnail"],"hreflang":[{"hreflang":"pt-br","url":"https:\/\/www.kaspersky.com.br\/blog\/explorando-vida-digital\/celular\/"},{"hreflang":"es-mx","url":"https:\/\/latam.kaspersky.com\/blog\/explorando-vida-digital\/movil\/"}],"acf":[],"banners":"","is_landing":true,"_links":{"self":[{"href":"https:\/\/www.kaspersky.com.br\/blog\/wp-json\/wp\/v2\/pages\/18535","targetHints":{"allow":["GET"]}}],"collection":[{"href":"https:\/\/www.kaspersky.com.br\/blog\/wp-json\/wp\/v2\/pages"}],"about":[{"href":"https:\/\/www.kaspersky.com.br\/blog\/wp-json\/wp\/v2\/types\/page"}],"author":[{"embeddable":true,"href":"https:\/\/www.kaspersky.com.br\/blog\/wp-json\/wp\/v2\/users\/2706"}],"replies":[{"embeddable":true,"href":"https:\/\/www.kaspersky.com.br\/blog\/wp-json\/wp\/v2\/comments?post=18535"}],"version-history":[{"count":6,"href":"https:\/\/www.kaspersky.com.br\/blog\/wp-json\/wp\/v2\/pages\/18535\/revisions"}],"predecessor-version":[{"id":18563,"href":"https:\/\/www.kaspersky.com.br\/blog\/wp-json\/wp\/v2\/pages\/18535\/revisions\/18563"}],"up":[{"embeddable":true,"href":"https:\/\/www.kaspersky.com.br\/blog\/wp-json\/wp\/v2\/pages\/18521"}],"wp:featuredmedia":[{"embeddable":true,"href":"https:\/\/www.kaspersky.com.br\/blog\/wp-json\/wp\/v2\/media\/18488"}],"wp:attachment":[{"href":"https:\/\/www.kaspersky.com.br\/blog\/wp-json\/wp\/v2\/media?parent=18535"}],"wp:term":[{"taxonomy":"category","embeddable":true,"href":"https:\/\/www.kaspersky.com.br\/blog\/wp-json\/wp\/v2\/categories?post=18535"}],"curies":[{"name":"wp","href":"https:\/\/api.w.org\/{rel}","templated":true}]}}