{"id":23343,"date":"2025-02-10T04:18:43","date_gmt":"2025-02-10T07:18:43","guid":{"rendered":"https:\/\/www.kaspersky.com.br\/blog\/?page_id=23343"},"modified":"2025-02-12T10:18:56","modified_gmt":"2025-02-12T13:18:56","slug":"who-calls-brazil-gift","status":"publish","type":"page","link":"https:\/\/www.kaspersky.com.br\/blog\/who-calls-brazil-gift\/","title":{"rendered":"Ative o Kaspersky Who Calls e ganhe 1 m\u00eas gr\u00e1tis!"},"content":{"rendered":"<h3>Como ativar o Kaspersky Who Calls<\/h3>\n<p>Bem-vindo caros usu\u00e1rios brasileiros, ao nosso novo <a href=\"https:\/\/www.kaspersky.com.br\/caller-id?icid=br_kdailyplacehold_acq_ona_smm__all_b2c_kdaily_wpplaceholder_sm-team_______6cea39988494bcc7\" target=\"_blank\" rel=\"noopener\">aplicativo de identifica\u00e7\u00e3o de chamadas<\/a>!<\/p>\n<h3>Seu c\u00f3digo de ativa\u00e7\u00e3o:<\/h3>\n<h2 style=\"text-align: center;\"><div style=\"background-color: #e5f0ec; padding: 10px 25px; margin-bottom: 10px;\">W6646-885GU-KFBRF-66DQ8<\/div><\/h2>\n<p><a href=\"https:\/\/whocalls.page.link\/mAP75hP6iVrMbKUY6\" target=\"_blank\" rel=\"nofollow noopener\"><img decoding=\"async\" class=\"aligncenter size-full wp-image-23354\" src=\"https:\/\/media.kasperskydaily.com\/wp-content\/uploads\/sites\/94\/2025\/02\/07093746\/Samsung_GalaxyStore_Install.png\" alt=\"Baixar na Galaxy Store\" width=\"240\" height=\"48\"><\/a><\/p>\n<p>Fa\u00e7a o download na <a href=\"https:\/\/whocalls.page.link\/mAP75hP6iVrMbKUY6\" target=\"_blank\" rel=\"nofollow noopener\">Samsung Store<\/a>. O aplicativo ser\u00e1 aberto e aplicar\u00e1 o c\u00f3digo de ativa\u00e7\u00e3o por conta pr\u00f3pria.<\/p>\n<p><a href=\"https:\/\/whocalls.page.link\/C8n8GAJP3spef4qn8\" target=\"_blank\" rel=\"nofollow noopener\"><img decoding=\"async\" class=\"aligncenter size-full wp-image-23350\" src=\"https:\/\/media.kasperskydaily.com\/wp-content\/uploads\/sites\/94\/2025\/02\/07093150\/APK_Install.png\" alt=\"Baixar o arquivo APK\" width=\"240\" height=\"47\"><\/a><\/p>\n<p>Fa\u00e7a o download <a href=\"https:\/\/whocalls.page.link\/C8n8GAJP3spef4qn8\" target=\"_blank\" rel=\"nofollow noopener\">do arquivo APK<\/a>. Depois de instalar o arquivo, o aplicativo tamb\u00e9m aplicar\u00e1 o c\u00f3digo de ativa\u00e7\u00e3o. No final do artigo, falamos mais sobre como trabalhar com arquivos APK. \u00c9 seguro fazer o download e instalar os arquivos .apk deste artigo. Voc\u00ea tamb\u00e9m pode baixar o arquivo .apk de sua conta <a href=\"https:\/\/my.kaspersky.com\/pt-BR\/#\/auth\/layout\/main\" target=\"_blank\" rel=\"noopener nofollow\">My Kaspersky<\/a>.<\/p>\n<p>Se o Who Calls j\u00e1 estiver instalado, clique <a href=\"https:\/\/whocalls.page.link\/C8n8GAJP3spef4qn8\" target=\"_blank\" rel=\"nofollow noopener\">neste link para ativ\u00e1-lo<\/a>.<\/p>\n<p><strong>A licen\u00e7a expirar\u00e1 em 1\u00ba de maio de 2025. Para aproveitar todos os benef\u00edcios do Who Calls, ative-o logo ap\u00f3s receber a oferta.<\/strong><\/p>\n<h3>Como instalar o APK<\/h3>\n<p>Fa\u00e7a o download <a href=\"https:\/\/whocalls.page.link\/C8n8GAJP3spef4qn8\" target=\"_blank\" rel=\"nofollow noopener\">do arquivo de instala\u00e7\u00e3o<\/a> (.apk)<\/p>\n<ol>\n<li>Localize o arquivo .apk baixado no dispositivo.<\/li>\n<li>Permita a instala\u00e7\u00e3o.<\/li>\n<li>Abra o aplicativo e divirta-se! Ele j\u00e1 est\u00e1 ativado.<\/li>\n<\/ol>\n<p>Se voc\u00ea precisar de instru\u00e7\u00f5es mais detalhadas com imagens sobre a instala\u00e7\u00e3o do APK, leia nossa <a href=\"https:\/\/support.kaspersky.com\/common\/beforeinstall\/16085#block12\" target=\"_blank\" rel=\"noopener\">Base de conhecimento<\/a>.<\/p>\n<h3>Como instalar a partir do My Kaspersky<\/h3>\n<p>Fa\u00e7a login na sua conta <a href=\"https:\/\/my.kaspersky.com\/pt-BR\/#\/auth\/layout\/main\" target=\"_blank\" rel=\"noopener nofollow\">My Kaspersky<\/a>\u00a0ou crie uma, caso n\u00e3o tenha uma conta. Certifique-se de que a VPN n\u00e3o esteja ativada no dispositivo.<\/p>\n<p><a href=\"https:\/\/media.kasperskydaily.com\/wp-content\/uploads\/sites\/94\/2025\/02\/11093242\/my_kaspersky_login-1.png\"><img decoding=\"async\" class=\"aligncenter wp-image-23366 size-large\" src=\"https:\/\/media.kasperskydaily.com\/wp-content\/uploads\/sites\/94\/2025\/02\/11093242\/my_kaspersky_login-1-482x1024.png\" alt=\"Fa\u00e7a login na sua conta My Kaspersky\" width=\"482\" height=\"1024\"><\/a><\/p>\n<p><a href=\"https:\/\/media.kasperskydaily.com\/wp-content\/uploads\/sites\/94\/2025\/02\/11093358\/my_kaspersky_criar_uma_conta.png\"><img decoding=\"async\" class=\"aligncenter size-large wp-image-23367\" src=\"https:\/\/media.kasperskydaily.com\/wp-content\/uploads\/sites\/94\/2025\/02\/11093358\/my_kaspersky_criar_uma_conta-482x1024.png\" alt=\"Crie uma nova conta My Kaspersky se voc\u00ea n\u00e3o tiver uma\" width=\"482\" height=\"1024\"><\/a><\/p>\n<p>Digite o c\u00f3digo de ativa\u00e7\u00e3o recebido no campo especial.<\/p>\n<p><a href=\"https:\/\/media.kasperskydaily.com\/wp-content\/uploads\/sites\/94\/2025\/02\/07104739\/my_kaspersky_activation_code.png\"><img decoding=\"async\" class=\"aligncenter size-large wp-image-23357\" src=\"https:\/\/media.kasperskydaily.com\/wp-content\/uploads\/sites\/94\/2025\/02\/07104739\/my_kaspersky_activation_code-482x1024.png\" alt=\"Digite o c\u00f3digo de ativa\u00e7\u00e3o recebido no campo especial\" width=\"482\" height=\"1024\"><\/a><\/p>\n<p>Fa\u00e7a o download do aplicativo para seu dispositivo usando os links fornecidos. Fa\u00e7a login com sua conta My Kaspersky usada para o registro. Uma vez conectado, o aplicativo ser\u00e1 ativado automaticamente no modo pago.<\/p>\n<p><a href=\"https:\/\/media.kasperskydaily.com\/wp-content\/uploads\/sites\/94\/2025\/02\/07105027\/my_kaspersky_who_calls.png\"><img decoding=\"async\" class=\"aligncenter size-large wp-image-23358\" src=\"https:\/\/media.kasperskydaily.com\/wp-content\/uploads\/sites\/94\/2025\/02\/07105027\/my_kaspersky_who_calls-482x1024.png\" alt=\"Fa\u00e7a o download do aplicativo para seu dispositivo usando os links fornecidos. Fa\u00e7a login com sua conta My Kaspersky usada para o registro. Uma vez conectado, o aplicativo ser\u00e1 ativado automaticamente no modo pago.\" width=\"482\" height=\"1024\"><\/a><\/p>\n<p>Aproveite a vida sem chamadas de spam \u2013 e n\u00e3o se esque\u00e7a de marcar o autor da chamada como spam se ele acidentalmente entrar em contato com voc\u00ea!<\/p>\n","protected":false},"excerpt":{"rendered":"<p>Proteja-se contra chamadas indesejadas e aproveite um m\u00eas gratuito do Kaspersky Who Calls!<\/p>\n","protected":false},"author":2706,"featured_media":23344,"parent":0,"menu_order":0,"comment_status":"closed","ping_status":"closed","template":"","meta":{"_acf_changed":false,"footnotes":""},"categories":[15],"class_list":{"0":"post-23343","1":"page","2":"type-page","3":"status-publish","4":"has-post-thumbnail","6":"category-products"},"hreflang":[{"hreflang":"pt-br","url":"https:\/\/www.kaspersky.com.br\/blog\/who-calls-brazil-gift\/"}],"acf":[],"banners":"","is_landing":true,"_links":{"self":[{"href":"https:\/\/www.kaspersky.com.br\/blog\/wp-json\/wp\/v2\/pages\/23343","targetHints":{"allow":["GET"]}}],"collection":[{"href":"https:\/\/www.kaspersky.com.br\/blog\/wp-json\/wp\/v2\/pages"}],"about":[{"href":"https:\/\/www.kaspersky.com.br\/blog\/wp-json\/wp\/v2\/types\/page"}],"author":[{"embeddable":true,"href":"https:\/\/www.kaspersky.com.br\/blog\/wp-json\/wp\/v2\/users\/2706"}],"replies":[{"embeddable":true,"href":"https:\/\/www.kaspersky.com.br\/blog\/wp-json\/wp\/v2\/comments?post=23343"}],"version-history":[{"count":13,"href":"https:\/\/www.kaspersky.com.br\/blog\/wp-json\/wp\/v2\/pages\/23343\/revisions"}],"predecessor-version":[{"id":23346,"href":"https:\/\/www.kaspersky.com.br\/blog\/wp-json\/wp\/v2\/pages\/23343\/revisions\/23346"}],"wp:featuredmedia":[{"embeddable":true,"href":"https:\/\/www.kaspersky.com.br\/blog\/wp-json\/wp\/v2\/media\/23344"}],"wp:attachment":[{"href":"https:\/\/www.kaspersky.com.br\/blog\/wp-json\/wp\/v2\/media?parent=23343"}],"wp:term":[{"taxonomy":"category","embeddable":true,"href":"https:\/\/www.kaspersky.com.br\/blog\/wp-json\/wp\/v2\/categories?post=23343"}],"curies":[{"name":"wp","href":"https:\/\/api.w.org\/{rel}","templated":true}]}}