{"id":9250,"date":"2017-07-11T12:15:40","date_gmt":"2017-07-11T15:15:40","guid":{"rendered":"https:\/\/www.kaspersky.com.br\/blog\/?page_id=9250"},"modified":"2022-05-05T12:59:33","modified_gmt":"2022-05-05T15:59:33","slug":"thank-you","status":"publish","type":"page","link":"https:\/\/www.kaspersky.com.br\/blog\/thank-you\/","title":{"rendered":"Obrigado por nos contactar"},"content":{"rendered":"<p>\u00a0<\/p>\n<p>Vamos responder ao seu pedido o mais breve o poss\u00edvel.<\/p>\n<p>Voltar \u00e0 <a href=\"https:\/\/www.kaspersky.com.br\/blog\/\" target=\"_blank\" rel=\"noopener noreferrer\">p\u00e1gina principal<\/a>.<\/p>\n","protected":false},"excerpt":{"rendered":"<p>\u00a0 Vamos responder ao seu pedido o mais breve o poss\u00edvel. Voltar \u00e0 p\u00e1gina principal.<\/p>\n","protected":false},"author":2706,"featured_media":0,"parent":0,"menu_order":0,"comment_status":"closed","ping_status":"closed","template":"","meta":{"_acf_changed":false,"footnotes":""},"categories":[],"class_list":["post-9250","page","type-page","status-publish"],"hreflang":[{"hreflang":"pt-br","url":"https:\/\/www.kaspersky.com.br\/blog\/thank-you\/"},{"hreflang":"en-in","url":"https:\/\/www.kaspersky.co.in\/blog\/thank-you\/"},{"hreflang":"en-ae","url":"https:\/\/me-en.kaspersky.com\/blog\/thank-you\/"},{"hreflang":"ar","url":"https:\/\/me.kaspersky.com\/blog\/thank-you\/"},{"hreflang":"en-us","url":"https:\/\/usa.kaspersky.com\/blog\/thank-you\/"},{"hreflang":"en-gb","url":"https:\/\/www.kaspersky.co.uk\/blog\/thank-you\/"},{"hreflang":"es-mx","url":"https:\/\/latam.kaspersky.com\/blog\/thank-you\/"},{"hreflang":"es","url":"https:\/\/www.kaspersky.es\/blog\/thank-you\/"},{"hreflang":"it","url":"https:\/\/www.kaspersky.it\/blog\/thank-you\/"},{"hreflang":"ru","url":"https:\/\/www.kaspersky.ru\/blog\/thank-you\/"},{"hreflang":"tr","url":"https:\/\/www.kaspersky.com.tr\/blog\/thank-you\/"},{"hreflang":"x-default","url":"https:\/\/www.kaspersky.com\/blog\/thank-you\/"},{"hreflang":"fr","url":"https:\/\/www.kaspersky.fr\/blog\/thank-you\/"},{"hreflang":"de","url":"https:\/\/www.kaspersky.de\/blog\/thank-you\/"},{"hreflang":"ja","url":"https:\/\/blog.kaspersky.co.jp\/thank-you\/"}],"acf":[],"banners":"","is_landing":false,"_links":{"self":[{"href":"https:\/\/www.kaspersky.com.br\/blog\/wp-json\/wp\/v2\/pages\/9250","targetHints":{"allow":["GET"]}}],"collection":[{"href":"https:\/\/www.kaspersky.com.br\/blog\/wp-json\/wp\/v2\/pages"}],"about":[{"href":"https:\/\/www.kaspersky.com.br\/blog\/wp-json\/wp\/v2\/types\/page"}],"author":[{"embeddable":true,"href":"https:\/\/www.kaspersky.com.br\/blog\/wp-json\/wp\/v2\/users\/2706"}],"replies":[{"embeddable":true,"href":"https:\/\/www.kaspersky.com.br\/blog\/wp-json\/wp\/v2\/comments?post=9250"}],"version-history":[{"count":2,"href":"https:\/\/www.kaspersky.com.br\/blog\/wp-json\/wp\/v2\/pages\/9250\/revisions"}],"predecessor-version":[{"id":15549,"href":"https:\/\/www.kaspersky.com.br\/blog\/wp-json\/wp\/v2\/pages\/9250\/revisions\/15549"}],"wp:attachment":[{"href":"https:\/\/www.kaspersky.com.br\/blog\/wp-json\/wp\/v2\/media?parent=9250"}],"wp:term":[{"taxonomy":"category","embeddable":true,"href":"https:\/\/www.kaspersky.com.br\/blog\/wp-json\/wp\/v2\/categories?post=9250"}],"curies":[{"name":"wp","href":"https:\/\/api.w.org\/{rel}","templated":true}]}}